{"id":13165,"date":"2025-08-13T07:40:39","date_gmt":"2025-08-13T07:40:39","guid":{"rendered":"https:\/\/gridlab.de\/?page_id=13165"},"modified":"2025-08-13T07:40:40","modified_gmt":"2025-08-13T07:40:40","slug":"press-room","status":"publish","type":"page","link":"https:\/\/gridlab.de\/en\/press-room\/","title":{"rendered":"Press Room"},"content":{"rendered":"\n<style type=\"text\/css\" data-created_by=\"avia_inline_auto\" id=\"style-css-av-kbqj0oqp-2e1f667230cb1f4aba9c209cb0a35205\">\n.avia-section.av-kbqj0oqp-2e1f667230cb1f4aba9c209cb0a35205{\nbackground-repeat:no-repeat;\nbackground-image:url(https:\/\/gridlab.de\/wp-content\/uploads\/2020\/07\/gridlab-mobil-600b-gridlab.jpg);\nbackground-position:50% 50%;\nbackground-attachment:scroll;\nmargin-top:-50px;\nmargin-bottom:-80px;\n}\n<\/style>\n<div id='av_section_1'  class='avia-section av-kbqj0oqp-2e1f667230cb1f4aba9c209cb0a35205 main_color avia-section-huge avia-no-border-styling  avia-builder-el-0  el_before_av_section  avia-builder-el-first  av-desktop-hide av-medium-hide av-mini-hide avia-bg-style-scroll av-minimum-height av-minimum-height-custom av-height-custom  container_wrap fullsize'  data-section-bg-repeat='no-repeat' data-av_minimum_height_px='600'><div class='container av-section-cont-open' style='height:600px'><main  role=\"main\" itemprop=\"mainContentOfPage\"  class='template-page content  av-content-full alpha units'><div class='post-entry post-entry-type-page post-entry-13165'><div class='entry-content-wrapper clearfix'>\n\n<style type=\"text\/css\" data-created_by=\"avia_inline_auto\" id=\"style-css-av-27emkd-4dcfa933e246a59af5d282dc486f052b\">\n.flex_column.av-27emkd-4dcfa933e246a59af5d282dc486f052b{\nborder-radius:0px 0px 0px 0px;\npadding:0px 0px 0px 50px;\n}\n<\/style>\n<div  class='flex_column av-27emkd-4dcfa933e246a59af5d282dc486f052b av_one_full  avia-builder-el-1  avia-builder-el-no-sibling  first flex_column_div  '     ><\/div>\n\n<\/div><\/div><\/main><!-- close content main element --><\/div><\/div>\n<style type=\"text\/css\" data-created_by=\"avia_inline_auto\" id=\"style-css-av-kbqj0oqp-23-bb2f9015aaaffdec9b47ada2f722cee7\">\n.avia-section.av-kbqj0oqp-23-bb2f9015aaaffdec9b47ada2f722cee7{\nbackground-repeat:no-repeat;\nbackground-image:url(https:\/\/gridlab.de\/wp-content\/uploads\/2020\/07\/gridlab-mobil-300h-gridlab.jpg);\nbackground-position:50% 50%;\nbackground-attachment:scroll;\nmargin-top:-50px;\nmargin-bottom:-80px;\n}\n<\/style>\n<div id='av_section_2'  class='avia-section av-kbqj0oqp-23-bb2f9015aaaffdec9b47ada2f722cee7 main_color avia-section-huge avia-no-border-styling  avia-builder-el-2  el_after_av_section  el_before_av_section  av-desktop-hide av-medium-hide av-small-hide avia-bg-style-scroll av-minimum-height av-minimum-height-custom av-height-custom  container_wrap fullsize'  data-section-bg-repeat='no-repeat' data-av_minimum_height_px='250'><div class='container av-section-cont-open' style='height:250px'><div class='template-page content  av-content-full alpha units'><div class='post-entry post-entry-type-page post-entry-13165'><div class='entry-content-wrapper clearfix'>\n\n<style type=\"text\/css\" data-created_by=\"avia_inline_auto\" id=\"style-css-av-kbqj2ujf-73da8e3b6d26384c48f1700e6adb0b36\">\n#top .hr.hr-invisible.av-kbqj2ujf-73da8e3b6d26384c48f1700e6adb0b36{\nheight:250px;\n}\n<\/style>\n<div  class='hr av-kbqj2ujf-73da8e3b6d26384c48f1700e6adb0b36 hr-invisible  avia-builder-el-3  avia-builder-el-no-sibling '><span class='hr-inner '><span class=\"hr-inner-style\"><\/span><\/span><\/div>\n\n<\/div><\/div><\/div><!-- close content main div --><\/div><\/div>\n<style type=\"text\/css\" data-created_by=\"avia_inline_auto\" id=\"style-css-av-kca6gclk-2e2c0af48cedfc582e1e9e2b3b22b69d\">\n.avia-section.av-kca6gclk-2e2c0af48cedfc582e1e9e2b3b22b69d{\nbackground-repeat:no-repeat;\nbackground-image:url(https:\/\/gridlab.de\/wp-content\/uploads\/2019\/02\/gridlab-unternehmen-team.jpg);\nbackground-position:50% 50%;\nbackground-attachment:scroll;\n}\n<\/style>\n<div id='av_section_3'  class='avia-section av-kca6gclk-2e2c0af48cedfc582e1e9e2b3b22b69d main_color avia-section-no-padding avia-no-border-styling  avia-builder-el-4  el_after_av_section  el_before_av_one_full  av-small-hide av-mini-hide avia-bg-style-scroll av-minimum-height av-minimum-height-custom av-height-custom  container_wrap fullsize'  data-section-bg-repeat='no-repeat' data-av_minimum_height_px='300'><div class='container av-section-cont-open' style='height:300px'><div class='template-page content  av-content-full alpha units'><div class='post-entry post-entry-type-page post-entry-13165'><div class='entry-content-wrapper clearfix'><\/div><\/div><\/div><!-- close content main div --><\/div><\/div><div id='after_section_3'  class='main_color av_default_container_wrap container_wrap fullsize'  ><div class='container av-section-cont-open' ><div class='template-page content  av-content-full alpha units'><div class='post-entry post-entry-type-page post-entry-13165'><div class='entry-content-wrapper clearfix'>\n<div  class='flex_column av-vm8ret-694899eae332c56808b2c17fb5a294af av_one_full  avia-builder-el-5  el_after_av_section  el_before_av_two_third  avia-builder-el-first  first flex_column_div  '     ><style type=\"text\/css\" data-created_by=\"avia_inline_auto\" id=\"style-css-av-x0qbid-626be6ee97203da0d51184e232b22264\">\n#top .av-special-heading.av-x0qbid-626be6ee97203da0d51184e232b22264{\npadding-bottom:10px;\n}\nbody .av-special-heading.av-x0qbid-626be6ee97203da0d51184e232b22264 .av-special-heading-tag .heading-char{\nfont-size:25px;\n}\n.av-special-heading.av-x0qbid-626be6ee97203da0d51184e232b22264 .av-subheading{\nfont-size:15px;\n}\n<\/style>\n<div  class='av-special-heading av-x0qbid-626be6ee97203da0d51184e232b22264 av-special-heading-h1  avia-builder-el-6  avia-builder-el-no-sibling  av-linked-heading'><h1 class='av-special-heading-tag '  itemprop=\"headline\"  >Press Room<\/h1><div class=\"special-heading-border\"><div class=\"special-heading-inner-border\"><\/div><\/div><\/div><\/div>\n\n<style type=\"text\/css\" data-created_by=\"avia_inline_auto\" id=\"style-css-av-5ftfgp-ebae8e28cd0465447084c7a23b74026a\">\n.flex_column.av-5ftfgp-ebae8e28cd0465447084c7a23b74026a{\nborder-radius:0px 0px 0px 0px;\npadding:0px 0px 0px 0px;\n}\n<\/style>\n<div  class='flex_column av-5ftfgp-ebae8e28cd0465447084c7a23b74026a av_two_third  avia-builder-el-7  el_after_av_one_full  el_before_av_one_third  first flex_column_div av-zero-column-padding  column-top-margin'     ><style type=\"text\/css\" data-created_by=\"avia_inline_auto\" id=\"style-css-av-4iz5qh-f8bd0a49c68e551b34f6880f53385041\">\n#top .av_textblock_section.av-4iz5qh-f8bd0a49c68e551b34f6880f53385041 .avia_textblock{\nfont-size:16px;\n}\n<\/style>\n<section  class='av_textblock_section av-4iz5qh-f8bd0a49c68e551b34f6880f53385041 '   itemscope=\"itemscope\" itemtype=\"https:\/\/schema.org\/CreativeWork\" ><div class='avia_textblock'  itemprop=\"text\" ><dl>\n<dt>\n<h4>Target group for the Press Room<\/h4>\n<\/dt>\n<dt>PRESS ROOM is a very demanding press training programme for top executives of energy suppliers and operators of critical infrastructures. In two days, all common forms of press work in and for crisis situations are demonstrated, trained and, above all, practised. Telephone and live radio interviews, statements with and without cameras and press conferences as well as moderations are practised. Highly experienced TV and radio journalists, well-known from radio and television, are available as trainers and coaches to provide managers with the necessary tools to cope with such situations. The managers are given an insight behind the scenes of media work, possible pitfalls and tricks to avoid them.<\/dt>\n<dt><\/dt>\n<\/dl>\n<h3>The goals<\/h3>\n<ul>\n<li>Avoiding mistakes when dealing with the media public,<\/li>\n<li>getting to know and understanding the different interests,<\/li>\n<li>teaching the basics of dealing with the press,<\/li>\n<li>training skills in dealing with journalists, microphones and cameras, and not just in the event of a crisis.<\/li>\n<\/ul>\n<h3>What is taught?<\/h3>\n<ul>\n<li>Stakeholder interests &#8211; cui bono?<\/li>\n<li>Structure and functioning of the media<\/li>\n<li>Media formats<\/li>\n<li>Impact in\/through\/on the media<\/li>\n<\/ul>\n<h3>What is trained?<\/h3>\n<ul>\n<li>Formulations<\/li>\n<li>Statement training<\/li>\n<li>Radio interview &#8211; Favourite topic<\/li>\n<li>Radio interview &#8211; Formulations II &#8211; Avoidance (technical language &#8211; TABU)<\/li>\n<li>TV interviews (verbal, non-verbal)<\/li>\n<li>TV talk round<\/li>\n<li>Compact exercise (Each participant receives a designed scenario on the basis of which an overall exercise is carried out and the participant goes through all training modules repeatedly and is allowed to apply the tools learned).<\/li>\n<\/ul>\n<\/div><\/section><br \/>\n\n<style type=\"text\/css\" data-created_by=\"avia_inline_auto\" id=\"style-css-av-lpjmum7h-609858cba31dfdd44133eb537678fbc3\">\n#top .av_textblock_section.av-lpjmum7h-609858cba31dfdd44133eb537678fbc3 .avia_textblock{\nfont-size:16px;\n}\n<\/style>\n<section  class='av_textblock_section av-lpjmum7h-609858cba31dfdd44133eb537678fbc3 '   itemscope=\"itemscope\" itemtype=\"https:\/\/schema.org\/CreativeWork\" ><div class='avia_textblock'  itemprop=\"text\" ><dl>\n<dt>\n<h2>Dates on request<\/h2>\n<\/dt>\n<\/dl>\n<\/div><\/section><br \/>\n\n<style type=\"text\/css\" data-created_by=\"avia_inline_auto\" id=\"style-css-av-lpjmwjug-1a5e39c73897b1ff256f23a6c86e0fba\">\n#top .av_textblock_section.av-lpjmwjug-1a5e39c73897b1ff256f23a6c86e0fba .avia_textblock{\nfont-size:16px;\n}\n<\/style>\n<section  class='av_textblock_section av-lpjmwjug-1a5e39c73897b1ff256f23a6c86e0fba '   itemscope=\"itemscope\" itemtype=\"https:\/\/schema.org\/CreativeWork\" ><div class='avia_textblock'  itemprop=\"text\" ><h2>Information on the &#8220;Press Room&#8221; training<\/h2>\n<p><strong>Duration: 2 days<\/strong><br \/>\nDay 1: 10:00 am &#8211; 6:00 pm<br \/>\nDay 2: 9:00 am &#8211; 5:00 pm<\/p>\n<p><strong>Price<\/strong><br \/>\non request per participant plus VAT (incl. catering, seminar and training materials, recordings)<\/p>\n<p><strong>Our trainer<\/strong><br \/>\n<em>Gaby Papenburg<\/em><br \/>\nTV journalist, reporter and coach, editor, presenter and speaker. Since 1986 TV presenter of news programmes, sports broadcasts and magazines (&#8220;t\u00e4glich ran&#8221;, &#8220;Ran&#8221;, &#8220;Sat.1 am Mittag&#8221;, &#8220;Sat.1 am Abend&#8221;, 2007 &#8211; 2013; Fr\u00fchst\u00fccksfernsehen, 2013 &#8211; 2014; presenter of the magazines &#8220;Gesund &amp; Lecker&#8221;).<\/p>\n<p><strong>Training location<\/strong><br \/>\nDNV Energy Systems Germany GmbH <br class=\"avia-permanent-lb\" \/>GridLab Training Center<br \/>\nMittelstra\u00dfe 3c <br class=\"avia-permanent-lb\" \/>12529 Sch\u00f6nefeld <br class=\"avia-permanent-lb\" \/>Germany <br class=\"avia-permanent-lb\" \/><br class=\"avia-permanent-lb\" \/><strong>Contact<br class=\"avia-permanent-lb\" \/><\/strong>Phone: 030 \/ 403 319 900 <br class=\"avia-permanent-lb\" \/>E-Mail: gridlab@dnv.com<\/p>\n<p><strong>We will be happy to give you a recommendation for your hotel booking.<\/strong><\/p>\n<\/div><\/section><br \/>\n\n<style type=\"text\/css\" data-created_by=\"avia_inline_auto\" id=\"style-css-av-m0v4ex42-519db40b656dd542b8a6e2f1a4ecb284\">\n.avia-image-container.av-m0v4ex42-519db40b656dd542b8a6e2f1a4ecb284 img.avia_image{\nbox-shadow:none;\n}\n.avia-image-container.av-m0v4ex42-519db40b656dd542b8a6e2f1a4ecb284 .av-image-caption-overlay-center{\ncolor:#ffffff;\n}\n<\/style>\n<div  class='avia-image-container av-m0v4ex42-519db40b656dd542b8a6e2f1a4ecb284 av-styling- avia-align-left  avia-builder-el-11  el_after_av_textblock  avia-builder-el-last '   itemprop=\"image\" itemscope=\"itemscope\" itemtype=\"https:\/\/schema.org\/ImageObject\" ><div class=\"avia-image-container-inner\"><div class=\"avia-image-overlay-wrap\"><img decoding=\"async\" fetchpriority=\"high\" class='wp-image-12437 avia-img-lazy-loading-not-12437 avia_image ' src=\"https:\/\/gridlab.de\/wp-content\/uploads\/2024\/09\/Press_Room-495x400.jpg\" alt='' title='Press_Room'  height=\"400\" width=\"495\"  itemprop=\"thumbnailUrl\" srcset=\"https:\/\/gridlab.de\/wp-content\/uploads\/2024\/09\/Press_Room-495x400.jpg 495w, https:\/\/gridlab.de\/wp-content\/uploads\/2024\/09\/Press_Room-845x684.jpg 845w\" sizes=\"(max-width: 495px) 100vw, 495px\" \/><\/div><\/div><\/div><\/p><\/div>\n<style type=\"text\/css\" data-created_by=\"avia_inline_auto\" id=\"style-css-av-29tcjt-287afdb82c17240235af2800d8fd5f91\">\n.flex_column.av-29tcjt-287afdb82c17240235af2800d8fd5f91{\nborder-radius:0px 0px 0px 0px;\npadding:0px 0px 0px 0px;\n}\n<\/style>\n<div  class='flex_column av-29tcjt-287afdb82c17240235af2800d8fd5f91 av_one_third  avia-builder-el-12  el_after_av_two_third  avia-builder-el-last  flex_column_div av-zero-column-padding  column-top-margin'     ><p>\n<style type=\"text\/css\" data-created_by=\"avia_inline_auto\" id=\"style-css-av-lpjm4kmy-8869897a0d74ffab12434b692cfbc042\">\n#top .av-special-heading.av-lpjm4kmy-8869897a0d74ffab12434b692cfbc042{\npadding-bottom:10px;\n}\nbody .av-special-heading.av-lpjm4kmy-8869897a0d74ffab12434b692cfbc042 .av-special-heading-tag .heading-char{\nfont-size:25px;\n}\n.av-special-heading.av-lpjm4kmy-8869897a0d74ffab12434b692cfbc042 .av-subheading{\nfont-size:15px;\n}\n<\/style>\n<div  class='av-special-heading av-lpjm4kmy-8869897a0d74ffab12434b692cfbc042 av-special-heading-h2  avia-builder-el-13  el_before_av_textblock  avia-builder-el-first  av-linked-heading'><h2 class='av-special-heading-tag '  itemprop=\"headline\"  ><a class=\"av-heading-link\" href=\"https:\/\/gridlab.de\/en\/agbs\/\" >Further dates<\/a><\/h2><div class=\"special-heading-border\"><div class=\"special-heading-inner-border\"><\/div><\/div><\/div><br \/>\n<section  class='av_textblock_section av-lpjme5nd-d6818789b409901753e4d059d58f3dff '   itemscope=\"itemscope\" itemtype=\"https:\/\/schema.org\/CreativeWork\" ><div class='avia_textblock'  itemprop=\"text\" >    <div class=\"we-calendar -style\" data-id =\"8881\" id=\"8881\">\r\n        <div class=\"we-loading\">\r\n            <div class=\"wpex-spinner\">\r\n                <div class=\"rect1\"><\/div>\r\n                <div class=\"rect2\"><\/div>\r\n                <div class=\"rect3\"><\/div>\r\n                <div class=\"rect4\"><\/div>\r\n                <div class=\"rect5\"><\/div>\r\n            <\/div>\r\n        <\/div>\r\n        <div class=\"alert alert-warning tour-mes-info calendar-info hidden\"><i class=\"fa fa-exclamation-triangle\"><\/i>No Events Found<\/div>            \t<input type=\"hidden\"  name=\"calendar_view\" value=\"month\">\r\n                        \r\n            <input type=\"hidden\"  name=\"calendar_language\" value=\"en\">\r\n            <input type=\"hidden\"  name=\"calendar_wpml\" value=\"en\">\r\n            <input type=\"hidden\"  name=\"calendar_defaultDate\" value=\"2026-05-02\">\r\n            <input type=\"hidden\"  name=\"calendar_firstDay\" value=\"1\">\r\n            <input type=\"hidden\"  name=\"calendar_orderby\" value=\"\">\r\n            <input type=\"hidden\"  name=\"calendar_cat\" value=\"\">\r\n            <input type=\"hidden\" name=\"param_shortcode\" value=\"{&quot;cat&quot;:&quot;&quot;,&quot;tag_list&quot;:&quot;hide&quot;,&quot;loc_list&quot;:&quot;hide&quot;,&quot;spk_list&quot;:&quot;hide&quot;}\">\r\n            <input type=\"hidden\"  name=\"taxonomy\" value=\"\">\r\n            <input type=\"hidden\"  name=\"terms\" value=\"\">\r\n            <input type=\"hidden\"  name=\"speaker_id\" value=\"\">\r\n            <input type=\"hidden\"  name=\"current_url\" value=\"https:\/\/gridlab.de\/en\/wp-json\/wp\/v2\/pages\/13165\/\">\r\n            <input type=\"hidden\"  name=\"calendar_ids\" value=\"\">\r\n            <input type=\"hidden\"  name=\"exwe_ids\" value=\"\">\r\n            <input type=\"hidden\"  name=\"show_bt\" value=\"\">\r\n            <input type=\"hidden\"  name=\"scrolltime\" value=\"\">\r\n            <input type=\"hidden\"  name=\"mintime\" value=\"\">\r\n            <input type=\"hidden\"  name=\"maxtime\" value=\"\">\r\n            <input type=\"hidden\"  name=\"mindate\" value=\"\">\r\n            <input type=\"hidden\"  name=\"maxdate\" value=\"\">\r\n            <input type=\"hidden\"  name=\"viewas_button\" value=\"\">\r\n            <input type=\"hidden\"  name=\"yearl_text\" value=\"List Year \">\r\n            <input type=\"hidden\"  name=\"allDayText\" value=\"All day \">\r\n            <div class=\"we-ctnr-cal\">\r\n                <div class=\"we-cal-ftgr\" style=\" display:none;\">        <div class=\"we-calendar-filter\">\r\n            <div class=\"we-cal-filter-month\">\r\n                <select name=\"cal-filter-month\" class=\"we-mft-select\">\r\n                    <option value=\"\">Months<\/option>\r\n\t\t\t\t\t<option value=\"2026-05-01\" >May 1, 2026<\/option><option value=\"2026-06-01\" >June 1, 2026<\/option><option value=\"2026-07-01\" >July 1, 2026<\/option><option value=\"2026-08-01\" >August 1, 2026<\/option><option value=\"2026-09-01\" >September 1, 2026<\/option><option value=\"2026-10-01\" >October 1, 2026<\/option><option value=\"2026-11-01\" >November 1, 2026<\/option><option value=\"2026-12-01\" >December 1, 2026<\/option><option value=\"2027-01-01\" >January 1, 2027<\/option><option value=\"2027-02-01\" >February 1, 2027<\/option><option value=\"2027-03-01\" >March 1, 2027<\/option><option value=\"2027-04-01\" >April 1, 2027<\/option>                <\/select>\r\n            <\/div>\r\n                                <div class=\"we-cal-filter-cat\">\r\n                        <select name=\"product_cat\">\r\n                            <option value=\"\">All Categories<\/option>\r\n                            <option value=\"basic-training-course-for-switching-qualification-up-to-110kv-155kv\" >Basic training course for switching qualification up to 110kV\/155kV<\/option><option value=\"basics-and-introduction-to-various-topics\" >Basics and introduction to various topics<\/option><option value=\"training-and-seminars-for-advanced-recurring-instructions\" >Training and seminars for advanced \/ recurring instructions<\/option><option value=\"training-and-seminars-for-experts\" >Training and seminars for experts<\/option><option value=\"unkategorisiert-en\" >Unkategorisiert<\/option>                        <\/select>\r\n                    <\/div>\r\n                    <\/div>\r\n        <div class=\"clearfix\"><\/div>\r\n        <\/div>\r\n                <div id=\"calendar\" class=\"\"><\/div>\r\n                            <\/div>\r\n                <input type=\"hidden\"  name=\"ajax_url\" value=\"https:\/\/gridlab.de\/wp-admin\/admin-ajax.php\">\r\n            <\/div>\r\n    \n<\/div><\/section><\/p><\/div><\/p>\n","protected":false},"excerpt":{"rendered":"","protected":false},"author":5,"featured_media":0,"parent":0,"menu_order":0,"comment_status":"closed","ping_status":"closed","template":"","meta":{"inline_featured_image":false,"footnotes":""},"class_list":["post-13165","page","type-page","status-publish","hentry"],"_links":{"self":[{"href":"https:\/\/gridlab.de\/en\/wp-json\/wp\/v2\/pages\/13165","targetHints":{"allow":["GET"]}}],"collection":[{"href":"https:\/\/gridlab.de\/en\/wp-json\/wp\/v2\/pages"}],"about":[{"href":"https:\/\/gridlab.de\/en\/wp-json\/wp\/v2\/types\/page"}],"author":[{"embeddable":true,"href":"https:\/\/gridlab.de\/en\/wp-json\/wp\/v2\/users\/5"}],"replies":[{"embeddable":true,"href":"https:\/\/gridlab.de\/en\/wp-json\/wp\/v2\/comments?post=13165"}],"version-history":[{"count":8,"href":"https:\/\/gridlab.de\/en\/wp-json\/wp\/v2\/pages\/13165\/revisions"}],"predecessor-version":[{"id":13173,"href":"https:\/\/gridlab.de\/en\/wp-json\/wp\/v2\/pages\/13165\/revisions\/13173"}],"wp:attachment":[{"href":"https:\/\/gridlab.de\/en\/wp-json\/wp\/v2\/media?parent=13165"}],"curies":[{"name":"wp","href":"https:\/\/api.w.org\/{rel}","templated":true}]}}