{"id":10006,"date":"2020-06-18T11:07:15","date_gmt":"2020-06-18T11:07:15","guid":{"rendered":"http:\/\/gridlab.graphicandarts.de\/versand__lieferung\/"},"modified":"2025-05-11T21:13:08","modified_gmt":"2025-05-11T21:13:08","slug":"versand__lieferung","status":"publish","type":"page","link":"https:\/\/gridlab.de\/en\/versand__lieferung\/","title":{"rendered":"Shipping"},"content":{"rendered":"\n<style type=\"text\/css\" data-created_by=\"avia_inline_auto\" id=\"style-css-av-kelcequ7-376ab622dfaab8123ed6c62cff06bb3e\">\n.avia-image-container.av-kelcequ7-376ab622dfaab8123ed6c62cff06bb3e img.avia_image{\nbox-shadow:none;\n}\n.avia-image-container.av-kelcequ7-376ab622dfaab8123ed6c62cff06bb3e .av-image-caption-overlay-center{\ncolor:#ffffff;\n}\n<\/style>\n<div  class='avia-image-container av-kelcequ7-376ab622dfaab8123ed6c62cff06bb3e av-styling-no-styling avia-align-center  avia-builder-el-0  el_before_av_hr  avia-builder-el-first  av-desktop-hide av-medium-hide av-small-hide'   itemprop=\"image\" itemscope=\"itemscope\" itemtype=\"https:\/\/schema.org\/ImageObject\" ><div class=\"avia-image-container-inner\"><div class=\"avia-image-overlay-wrap\"><img decoding=\"async\" fetchpriority=\"high\" class='wp-image-9067 avia-img-lazy-loading-not-9067 avia_image ' src=\"https:\/\/gridlab.de\/wp-content\/uploads\/2020\/08\/gridlab-mobil-300h-download.jpg\" alt='' title='gridlab'  height=\"415\" width=\"450\"  itemprop=\"thumbnailUrl\" srcset=\"https:\/\/gridlab.de\/wp-content\/uploads\/2020\/08\/gridlab-mobil-300h-download.jpg 450w, https:\/\/gridlab.de\/wp-content\/uploads\/2020\/08\/gridlab-mobil-300h-download-300x277.jpg 300w\" sizes=\"(max-width: 450px) 100vw, 450px\" \/><\/div><\/div><\/div>\n\n<style type=\"text\/css\" data-created_by=\"avia_inline_auto\" id=\"style-css-av-kelcnzo8-87dea20708464f2376439829e793aeb8\">\n#top .hr.hr-invisible.av-kelcnzo8-87dea20708464f2376439829e793aeb8{\nmargin-top:-25px;\nheight:1px;\n}\n<\/style>\n<div  class='hr av-kelcnzo8-87dea20708464f2376439829e793aeb8 hr-invisible  avia-builder-el-1  el_after_av_image  el_before_av_section  avia-builder-el-last  av-desktop-hide av-medium-hide av-small-hide'><span class='hr-inner '><span class=\"hr-inner-style\"><\/span><\/span><\/div>\n<\/div><\/div><\/div><!-- close content main div --><\/div><\/div>\n<style type=\"text\/css\" data-created_by=\"avia_inline_auto\" id=\"style-css-av-kca6gclk-a25392d299c2a3e0b89d255e5c460d91\">\n.avia-section.av-kca6gclk-a25392d299c2a3e0b89d255e5c460d91{\nbackground-repeat:no-repeat;\nbackground-image:url(https:\/\/gridlab.de\/wp-content\/uploads\/2019\/02\/gridlab-unternehmen-team.jpg);\nbackground-position:50% 50%;\nbackground-attachment:scroll;\n}\n<\/style>\n<div id='av_section_1'  class='avia-section av-kca6gclk-a25392d299c2a3e0b89d255e5c460d91 main_color avia-section-no-padding avia-no-border-styling  avia-builder-el-2  el_after_av_hr  el_before_av_heading  av-mini-hide avia-bg-style-scroll av-minimum-height av-minimum-height-custom av-height-custom  container_wrap fullsize'  data-section-bg-repeat='no-repeat' data-av_minimum_height_px='300'><div class='container av-section-cont-open' style='height:300px'><div class='template-page content  av-content-full alpha units'><div class='post-entry post-entry-type-page post-entry-10006'><div class='entry-content-wrapper clearfix'><\/div><\/div><\/div><!-- close content main div --><\/div><\/div><div id='after_section_1'  class='main_color av_default_container_wrap container_wrap fullsize'  ><div class='container av-section-cont-open' ><div class='template-page content  av-content-full alpha units'><div class='post-entry post-entry-type-page post-entry-10006'><div class='entry-content-wrapper clearfix'>\n\n<style type=\"text\/css\" data-created_by=\"avia_inline_auto\" id=\"style-css-av-w2sknq-c6ea1602599ee87e8a410d20fb31e48b\">\n#top .av-special-heading.av-w2sknq-c6ea1602599ee87e8a410d20fb31e48b{\npadding-bottom:10px;\n}\nbody .av-special-heading.av-w2sknq-c6ea1602599ee87e8a410d20fb31e48b .av-special-heading-tag .heading-char{\nfont-size:25px;\n}\n.av-special-heading.av-w2sknq-c6ea1602599ee87e8a410d20fb31e48b .av-subheading{\nfont-size:15px;\n}\n<\/style>\n<div  class='av-special-heading av-w2sknq-c6ea1602599ee87e8a410d20fb31e48b av-special-heading-h1 blockquote modern-quote  avia-builder-el-3  el_after_av_section  el_before_av_hr  avia-builder-el-first '><h1 class='av-special-heading-tag '  itemprop=\"headline\"  >Shipping<\/h1><div class=\"special-heading-border\"><div class=\"special-heading-inner-border\"><\/div><\/div><\/div>\n\n<style type=\"text\/css\" data-created_by=\"avia_inline_auto\" id=\"style-css-av-kelcnzo8-705ae147924a2c75a889ca016afe66e5\">\n#top .hr.hr-invisible.av-kelcnzo8-705ae147924a2c75a889ca016afe66e5{\nheight:25px;\n}\n<\/style>\n<div  class='hr av-kelcnzo8-705ae147924a2c75a889ca016afe66e5 hr-invisible  avia-builder-el-4  el_after_av_heading  el_before_av_textblock  av-desktop-hide av-medium-hide av-small-hide'><span class='hr-inner '><span class=\"hr-inner-style\"><\/span><\/span><\/div>\n<section  class='av_textblock_section av-97jhn-a9d52c90cb72e622dac9753169b3a004 '   itemscope=\"itemscope\" itemtype=\"https:\/\/schema.org\/CreativeWork\" ><div class='avia_textblock'  itemprop=\"text\" ><p><strong>Haftungshinweis: Das nachstehende Muster ist von einem Rechtsanwalt (<a href=\"https:\/\/drschwenke.de\" rel=\"nofollow noopener\" target=\"_blank\">https:\/\/drschwenke.de<\/a>) entsprechend den typischen Anforderungen eines Onlineshops erstellt worden.\u00a0Jedoch sollten Sie das Muster nur\u00a0nach sorgf\u00e4ltiger Pr\u00fcfung und Anpassung auf Ihr konkretes Gesch\u00e4ftsmodell verwenden. Das nachfolgende Muster enth\u00e4lt daher zus\u00e4tzliche Hinweise, die Sie beachten m\u00fcssen und rote Passagen, die Sie besonders pr\u00fcfen und ggf. anpassen m\u00fcssen. Bitte entfernen Sie die Hinweise nach der Bearbeitung. Lassen Sie sich im Zweifel rechtlich beraten. Urheberrecht: Sie d\u00fcrfen das Muster solange innerhalb der Domain\/Website nutzen, solange f\u00fcr diese auch Ihre Marketpress-Lizenz gilt. Weitergabe an Dritte, auch an Kunden (z.B. als Entwickler) ist nicht erlaubt.<\/strong><\/p>\n<p><strong>Bitte beachten Sie, dass die Versandkosten oder zumindest die Berechnungsmethoden (z.B. nach Gewicht) f\u00fcr alle belieferten L\u00e4nder angegeben werden sollen.<\/strong><\/p>\n<p><strong>Wenn Sie nur in bestimmte L\u00e4nder liefern, m\u00fcssen Sie dies den Kunden mitteilen. Zudem sollten Sie in den Einstellungen von WooCommerce nur diese L\u00e4nder als &#8220;Erlaubte L\u00e4nder&#8221; ausw\u00e4hlen. Klauseln wie &#8220;Versandkosten in andere L\u00e4nder nur auf Anfrage&#8221; sollten Sie nicht verwenden.<\/strong><\/p>\n<p><strong>Preise, Versandkosten und Lieferinformationen<\/strong><\/p>\n<p>Die auf den Produktseiten genannten Preise enthalten die gesetzliche Mehrwertsteuer und sonstige Preisbestandteile.<\/p>\n<p>Wir liefern nur innerhalb Deutschlands und \u00d6sterreichs.<\/p>\n<p>Zus\u00e4tzlich zu den angegebenen Preisen berechnen wir f\u00fcr die Lieferung innerhalb Deutschlands und \u00d6sterreichs pauschal [6,90 Euro pro Bestellung]. Die Versandkosten werden Ihnen im Warenkorbsystem und auf der Bestellseite nochmals deutlich mitgeteilt.<\/p>\n<p>Bei Zahlung per Nachnahme wird eine zus\u00e4tzliche Geb\u00fchr in H\u00f6he von [2,- Euro] f\u00e4llig, die der Zusteller vor Ort erhebt. [Weitere Steuern oder Kosten fallen nicht an.]<\/p>\n<p>F\u00fcr digitale Inhalte (E-Books, Software, etc.) fallen keine Versandkosten an.<\/p>\n<p><strong>[Hinweis an H\u00e4ndler: Der folgende Passus ist notwendig, wenn Sie eine Versandkostenpauschale angeben. Ansonsten k\u00f6nnen sie den Passus entfernen]<\/strong><\/p>\n<p>Die Versandkostenpauschale betr\u00e4gt [Wert Versandkostenpauschale angeben] Euro. Die Versandkostenpauschale enth\u00e4lt die gesetzliche Mehrwertsteuer. Da die Mehrwertsteuer auf die Versandkostenpauschale abh\u00e4ngig von den erworbenen Waren berechnet wird, kann sie sich mindern, wenn Waren zu niedrigeren Umsatzsteuers\u00e4tzen erworben werden (z.B. bei Erwerb von B\u00fcchern). Das bedeutet, dass die Versandkostenpauschale erst im Rahmen des Bestellprozesses endg\u00fcltig berechnet werden kann. Sie kann dabei jedoch nicht h\u00f6her, sondern nur zu Ihren Gunsten niedriger werden.<\/p>\n<\/div><\/section>\n","protected":false},"excerpt":{"rendered":"","protected":false},"author":3,"featured_media":0,"parent":0,"menu_order":0,"comment_status":"closed","ping_status":"closed","template":"","meta":{"inline_featured_image":false,"footnotes":""},"class_list":["post-10006","page","type-page","status-publish","hentry"],"_links":{"self":[{"href":"https:\/\/gridlab.de\/en\/wp-json\/wp\/v2\/pages\/10006","targetHints":{"allow":["GET"]}}],"collection":[{"href":"https:\/\/gridlab.de\/en\/wp-json\/wp\/v2\/pages"}],"about":[{"href":"https:\/\/gridlab.de\/en\/wp-json\/wp\/v2\/types\/page"}],"author":[{"embeddable":true,"href":"https:\/\/gridlab.de\/en\/wp-json\/wp\/v2\/users\/3"}],"replies":[{"embeddable":true,"href":"https:\/\/gridlab.de\/en\/wp-json\/wp\/v2\/comments?post=10006"}],"version-history":[{"count":7,"href":"https:\/\/gridlab.de\/en\/wp-json\/wp\/v2\/pages\/10006\/revisions"}],"predecessor-version":[{"id":12824,"href":"https:\/\/gridlab.de\/en\/wp-json\/wp\/v2\/pages\/10006\/revisions\/12824"}],"wp:attachment":[{"href":"https:\/\/gridlab.de\/en\/wp-json\/wp\/v2\/media?parent=10006"}],"curies":[{"name":"wp","href":"https:\/\/api.w.org\/{rel}","templated":true}]}}